{"id":7,"date":"2013-06-10T02:58:11","date_gmt":"2013-06-10T00:58:11","guid":{"rendered":"http:\/\/www.gregvill.hu\/?page_id=7"},"modified":"2018-12-03T19:19:26","modified_gmt":"2018-12-03T18:19:26","slug":"antenna-szereles","status":"publish","type":"page","link":"https:\/\/www.gregvill.hu\/?page_id=7","title":{"rendered":"Antenna szerel\u00e9s"},"content":{"rendered":"<h3><strong>Antenna szerel\u00e9si szolg\u00e1ltat\u00e1saim<\/strong><\/h3>\n<p><strong>M\u0171holdas tv v\u00e9teli rendszer ki\u00e9p\u00edt\u00e9se, jav\u00edt\u00e1sa \u00e9s b\u0151v\u00edt\u00e9se:<\/strong><br \/>\n&#8211; Egy\u00e9ni \u00e9s k\u00f6z\u00f6ss\u00e9gi m\u0171holdas rendszerek kezel\u00e9se.<br \/>\n&#8211; Egy- \u00e9s t\u00f6bb m\u0171holdas v\u00e9teli rendszerek kezel\u00e9se.<br \/>\n&#8211; Ingyenes havid\u00edj\u00fa (FTA) \u00e9s szolg\u00e1ltat\u00f3i (UPC Direct, Telekom m\u0171holdas TV \u00e9s Digi TV) antenn\u00e1k telep\u00edt\u00e9se \u00e9s jav\u00edt\u00e1sa.<\/p>\n<p><strong>MindigTV (f\u00f6ldfelsz\u00edni digit\u00e1lis) v\u00e9teli rendszer ki\u00e9p\u00edt\u00e9se, jav\u00edt\u00e1sa \u00e9s b\u0151v\u00edt\u00e9se:<\/strong><\/p>\n<p>&#8211; Egy\u00e9ni \u00e9s k\u00f6z\u00f6ss\u00e9gi rendszerek kezel\u00e9se.<br \/>\n&#8211; Antenn\u00e1k telep\u00edt\u00e9se, h\u00e1zi antenn\u00e1s rendszerek ki\u00e9p\u00edt\u00e9se.<br \/>\n&#8211; MindigTV Extra el\u0151fizet\u00e9si lehet\u0151s\u00e9g!<br \/>\n&#8211; AKCI\u00d3S CSOMAGOK \u00e9rt\u00e9kes\u00edt\u00e9se!<\/p>\n<p><strong>K\u00e1belt\u00e9v\u00e9 rendszerek h\u00e1zon\/lak\u00e1son bel\u00fcli jav\u00edt\u00e1sa, b\u0151v\u00edt\u00e9se \u00e9s m\u00e9r\u00e9se:<\/strong><br \/>\n&#8211; H\u00e1zi antenn\u00e1s rendszerek csatlakoztat\u00e1sa a k\u00e1belt\u00e9v\u00e9 h\u00e1l\u00f3zathoz.<br \/>\n&#8211; K\u00e1belt\u00e9v\u00e9 er\u0151s\u00edt\u00e9se \u00e9s sz\u00e9toszt\u00e1sa lak\u00e1son\/h\u00e1zon bel\u00fcl.<\/p>\n<p><em>Rossz a k\u00e9p? Gyenge a jelszint? H\u00edvjon, kim\u00e9rem a rendszer gyenge pontjait!<\/em><\/p>\n<p><strong>Egy\u00e9ni \u00e9s k\u00f6z\u00f6ss\u00e9gi antennarendszerek ki\u00e9p\u00edt\u00e9se, jav\u00edt\u00e1sa, b\u0151v\u00edt\u00e9se \u00e9s m\u00e9r\u00e9se:<\/strong><\/p>\n<p>&#8211; Csal\u00e1di h\u00e1zas \u00e9s k\u00f6z\u00f6ss\u00e9gi, t\u00f6bb lak\u00e1sos antenn\u00e1s rendszerek ki\u00e9p\u00edt\u00e9se, TERVEZ\u00c9SE.<br \/>\n&#8211; MindigTV \u00e9s ak\u00e1r 2 m\u0171holdas v\u00e9teli lehet\u0151s\u00e9g EGY ANTENNAK\u00c1BELEN, AK\u00c1R MINDEN LAK\u00c1SBAN!<br \/>\nAntenn\u00e1s szolg\u00e1ltat\u00e1st akar ny\u00fajtani lak\u00e1ssz\u00f6vetkezetk\u00e9nt? H\u00edvjon, megtervezem, ki\u00e9p\u00edtem rendszer\u00e9t!<\/p>\n","protected":false},"excerpt":{"rendered":"<p>Antenna szerel\u00e9si szolg\u00e1ltat\u00e1saim M\u0171holdas tv v\u00e9teli rendszer ki\u00e9p\u00edt\u00e9se, jav\u00edt\u00e1sa \u00e9s b\u0151v\u00edt\u00e9se: &#8211; Egy\u00e9ni \u00e9s k\u00f6z\u00f6ss\u00e9gi m\u0171holdas rendszerek kezel\u00e9se. &#8211; Egy- \u00e9s t\u00f6bb m\u0171holdas v\u00e9teli rendszerek kezel\u00e9se. &#8211; Ingyenes havid\u00edj\u00fa (FTA) \u00e9s szolg\u00e1ltat\u00f3i (UPC Direct, Telekom m\u0171holdas TV \u00e9s Digi TV) antenn\u00e1k telep\u00edt\u00e9se \u00e9s jav\u00edt\u00e1sa. MindigTV (f\u00f6ldfelsz\u00edni digit\u00e1lis) v\u00e9teli rendszer ki\u00e9p\u00edt\u00e9se, &#8230;<\/p>\n","protected":false},"author":1,"featured_media":0,"parent":0,"menu_order":1,"comment_status":"closed","ping_status":"closed","template":"","meta":[],"_links":{"self":[{"href":"https:\/\/www.gregvill.hu\/index.php?rest_route=\/wp\/v2\/pages\/7"}],"collection":[{"href":"https:\/\/www.gregvill.hu\/index.php?rest_route=\/wp\/v2\/pages"}],"about":[{"href":"https:\/\/www.gregvill.hu\/index.php?rest_route=\/wp\/v2\/types\/page"}],"author":[{"embeddable":true,"href":"https:\/\/www.gregvill.hu\/index.php?rest_route=\/wp\/v2\/users\/1"}],"replies":[{"embeddable":true,"href":"https:\/\/www.gregvill.hu\/index.php?rest_route=%2Fwp%2Fv2%2Fcomments&post=7"}],"version-history":[{"count":4,"href":"https:\/\/www.gregvill.hu\/index.php?rest_route=\/wp\/v2\/pages\/7\/revisions"}],"predecessor-version":[{"id":141,"href":"https:\/\/www.gregvill.hu\/index.php?rest_route=\/wp\/v2\/pages\/7\/revisions\/141"}],"wp:attachment":[{"href":"https:\/\/www.gregvill.hu\/index.php?rest_route=%2Fwp%2Fv2%2Fmedia&parent=7"}],"curies":[{"name":"wp","href":"https:\/\/api.w.org\/{rel}","templated":true}]}}