{"id":51,"date":"2013-07-08T18:45:35","date_gmt":"2013-07-08T16:45:35","guid":{"rendered":"http:\/\/www.gregvill.hu\/?page_id=51"},"modified":"2018-12-03T19:24:29","modified_gmt":"2018-12-03T18:24:29","slug":"villanyszereles-2","status":"publish","type":"page","link":"https:\/\/www.gregvill.hu\/?page_id=51","title":{"rendered":"Gyenge\u00e1ram\u00fa szerel\u00e9sek"},"content":{"rendered":"<p style=\"text-align: center;\"><strong>Gyenge\u00e1ram\u00fa szerel\u00e9si szolg\u00e1ltat\u00e1saim<\/strong><\/p>\n<table>\n<tbody>\n<tr>\n<td width=\"33%\"><a href=\"http:\/\/www.gregvill.hu\/?page_id=197\"><img loading=\"lazy\" class=\"aligncenter wp-image-192 size-thumbnail\" src=\"http:\/\/www.gregvill.hu\/wp-content\/uploads\/2013\/07\/riaszto-150x150.png\" alt=\"riaszto\" width=\"150\" height=\"150\" srcset=\"https:\/\/www.gregvill.hu\/wp-content\/uploads\/2013\/07\/riaszto-150x150.png 150w, https:\/\/www.gregvill.hu\/wp-content\/uploads\/2013\/07\/riaszto-100x100.png 100w\" sizes=\"(max-width: 150px) 100vw, 150px\" \/><\/a>Riaszt\u00f3 szerel\u00e9s<\/td>\n<td width=\"33%\"><a href=\"http:\/\/www.gregvill.hu\"><img loading=\"lazy\" class=\"aligncenter size-thumbnail wp-image-181\" src=\"http:\/\/www.gregvill.hu\/wp-content\/uploads\/2013\/07\/cctv-150x150.png\" alt=\"cctv\" width=\"150\" height=\"150\" srcset=\"https:\/\/www.gregvill.hu\/wp-content\/uploads\/2013\/07\/cctv-150x150.png 150w, https:\/\/www.gregvill.hu\/wp-content\/uploads\/2013\/07\/cctv-300x300.png 300w, https:\/\/www.gregvill.hu\/wp-content\/uploads\/2013\/07\/cctv-100x100.png 100w, https:\/\/www.gregvill.hu\/wp-content\/uploads\/2013\/07\/cctv-600x602.png 600w, https:\/\/www.gregvill.hu\/wp-content\/uploads\/2013\/07\/cctv-332x333.png 332w, https:\/\/www.gregvill.hu\/wp-content\/uploads\/2013\/07\/cctv-432x432.png 432w, https:\/\/www.gregvill.hu\/wp-content\/uploads\/2013\/07\/cctv-268x268.png 268w, https:\/\/www.gregvill.hu\/wp-content\/uploads\/2013\/07\/cctv.png 638w\" sizes=\"(max-width: 150px) 100vw, 150px\" \/><\/a>Biztons\u00e1gi kamer\u00e1s rendszerek<\/td>\n<td width=\"33%\"><a href=\"http:\/\/www.gregvill.hu\"><img loading=\"lazy\" class=\"aligncenter size-thumbnail wp-image-193\" src=\"http:\/\/www.gregvill.hu\/wp-content\/uploads\/2013\/07\/surgeprotect-150x150.jpg\" alt=\"surgeprotect\" width=\"150\" height=\"150\" srcset=\"https:\/\/www.gregvill.hu\/wp-content\/uploads\/2013\/07\/surgeprotect-150x150.jpg 150w, https:\/\/www.gregvill.hu\/wp-content\/uploads\/2013\/07\/surgeprotect-100x100.jpg 100w\" sizes=\"(max-width: 150px) 100vw, 150px\" \/><\/a>T\u00falfesz\u00fclts\u00e9g-v\u00e9delem<\/td>\n<\/tr>\n<tr>\n<td width=\"33%\"><\/td>\n<td width=\"33%\"><\/td>\n<td width=\"33%\"><\/td>\n<\/tr>\n<\/tbody>\n<\/table>\n<p><strong>Tov\u00e1bbi inform\u00e1ci\u00f3k\u00e9rt k\u00e9rem haszn\u00e1lja a men\u00fcrendszert!<\/strong><\/p>\n","protected":false},"excerpt":{"rendered":"<p>Gyenge\u00e1ram\u00fa szerel\u00e9si szolg\u00e1ltat\u00e1saim Riaszt\u00f3 szerel\u00e9s Biztons\u00e1gi kamer\u00e1s rendszerek T\u00falfesz\u00fclts\u00e9g-v\u00e9delem Tov\u00e1bbi inform\u00e1ci\u00f3k\u00e9rt k\u00e9rem haszn\u00e1lja a men\u00fcrendszert!<\/p>\n","protected":false},"author":1,"featured_media":0,"parent":0,"menu_order":1,"comment_status":"closed","ping_status":"closed","template":"","meta":[],"_links":{"self":[{"href":"https:\/\/www.gregvill.hu\/index.php?rest_route=\/wp\/v2\/pages\/51"}],"collection":[{"href":"https:\/\/www.gregvill.hu\/index.php?rest_route=\/wp\/v2\/pages"}],"about":[{"href":"https:\/\/www.gregvill.hu\/index.php?rest_route=\/wp\/v2\/types\/page"}],"author":[{"embeddable":true,"href":"https:\/\/www.gregvill.hu\/index.php?rest_route=\/wp\/v2\/users\/1"}],"replies":[{"embeddable":true,"href":"https:\/\/www.gregvill.hu\/index.php?rest_route=%2Fwp%2Fv2%2Fcomments&post=51"}],"version-history":[{"count":8,"href":"https:\/\/www.gregvill.hu\/index.php?rest_route=\/wp\/v2\/pages\/51\/revisions"}],"predecessor-version":[{"id":201,"href":"https:\/\/www.gregvill.hu\/index.php?rest_route=\/wp\/v2\/pages\/51\/revisions\/201"}],"wp:attachment":[{"href":"https:\/\/www.gregvill.hu\/index.php?rest_route=%2Fwp%2Fv2%2Fmedia&parent=51"}],"curies":[{"name":"wp","href":"https:\/\/api.w.org\/{rel}","templated":true}]}}