{"id":36,"date":"2013-07-08T18:36:14","date_gmt":"2013-07-08T16:36:14","guid":{"rendered":"http:\/\/www.gregvill.hu\/?page_id=36"},"modified":"2020-09-20T12:22:16","modified_gmt":"2020-09-20T10:22:16","slug":"mindigtv-szereles-dvb-t","status":"publish","type":"page","link":"https:\/\/www.gregvill.hu\/?page_id=36","title":{"rendered":"MindigTV szerel\u00e9s (DVB-T)"},"content":{"rendered":"<p><strong>MindigTV (f\u00f6ldfelsz\u00edni digit\u00e1lis) v\u00e9teli rendszer ki\u00e9p\u00edt\u00e9se, jav\u00edt\u00e1sa \u00e9s b\u0151v\u00edt\u00e9se:<\/strong><\/p>\n<p><br \/><strong><img loading=\"lazy\" class=\"alignnone size-full wp-image-67\" src=\"https:\/\/www.gregvill.hu\/wp-content\/uploads\/2013\/07\/vetel01.jpg\" alt=\"\" width=\"478\" height=\"427\" srcset=\"https:\/\/www.gregvill.hu\/wp-content\/uploads\/2013\/07\/vetel01.jpg 478w, https:\/\/www.gregvill.hu\/wp-content\/uploads\/2013\/07\/vetel01-300x267.jpg 300w, https:\/\/www.gregvill.hu\/wp-content\/uploads\/2013\/07\/vetel01-332x296.jpg 332w\" sizes=\"(max-width: 478px) 100vw, 478px\" \/><br \/>Tev\u00e9kenys\u00e9gek:<\/strong><\/p>\n<p>&#8211; tan\u00e1csad\u00e1s (telefonon \u00e9s e-mailen)<br \/>&#8211; helysz\u00edni m\u00e9r\u00e9s (Mindig TV v\u00e9teli lehet\u0151s\u00e9g)<br \/>&#8211; \u00e1raj\u00e1nlat k\u00e9sz\u00edt\u00e9se (t\u00e1rsash\u00e1zi \u00e9s nagyobb rendszerek tervez\u00e9se is)<br \/>&#8211; teljes k\u00f6r\u0171 anyagbeszerz\u00e9s \u00e9s kisz\u00e1ll\u00edt\u00e1s (szerel\u00e9si anyagok)<br \/>&#8211; dek\u00f3derek (Mindig TV vev\u0151k) kedvez\u0151 \u00e1ron val\u00f3 beszerz\u00e9se<\/p>\n<p>Mindig TV Extra k\u00e1rty\u00e1k \u00e9rt\u00e9kes\u00edt\u00e9se (alap \u00e9s csal\u00e1di) 12 h\u00f3napos konstrukci\u00f3ban.<\/p>\n<hr \/>\n<h2>K\u00f6lts\u00e9gkalkul\u00e1tor:<\/h2>\n<p><em>Az al\u00e1bbiakban a leggyakoribb szerel\u00e9sek \u00e1rait mutatom be, kisz\u00e1ll\u00e1si d\u00edj n\u00e9lk\u00fcl.<\/em><\/p>\n<p><em>Az al\u00e1bbi \u00e1rak a <strong>munkad\u00edjat \u00e9s az anyagot (antenn\u00e1t, k\u00e1beleket stb) is tartalmazz\u00e1k<\/strong>! De az esetlegesen sz\u00fcks\u00e9ges MindigTV belt\u00e9ri egys\u00e9g (vev\u0151, settopbox) \u00e1r\u00e1t nem!<\/em><\/p>\n<ol>\n<li>Megl\u00e9v\u0151 antenna cser\u00e9je (r\u00e9gi anal\u00f3g, nem m\u0171k\u00f6d\u0151 DVB-T) vagy megl\u00e9v\u0151 \u00e1rbocra szerel\u00e9s \u00e9s megl\u00e9v\u0151 k\u00e1belh\u00e1l\u00f3zat jav\u00edt\u00e1sa: 15 000 &#8211; 20 000 Ft<\/li>\n<li>T\u00e1rsash\u00e1zi lak\u00e1s eset\u00e9n, h\u00e1zfalra, erk\u00e9lyre t\u00f6rt\u00e9n\u0151 antenna szerel\u00e9s (\u00faj tart\u00f3ra), 1 tv-re lek\u00e1belezve: 20 000 &#8211; 25 000 Ft<\/li>\n<li>T\u00e1rsash\u00e1zi lak\u00e1s eset\u00e9n, h\u00e1zfalra, erk\u00e9lyre t\u00f6rt\u00e9n\u0151 antenna szerel\u00e9s (\u00faj tart\u00f3ra), 2 tv-re lek\u00e1belezve: 25 000 &#8211; 30 000 Ft<\/li>\n<li>Csal\u00e1di h\u00e1z eset\u00e9n, h\u00e1zfalra t\u00f6rt\u00e9n\u0151 antenna szerel\u00e9s (\u00faj tart\u00f3ra), 1 tv-re lek\u00e1belezve: 20 000 &#8211; 28 000 Ft<\/li>\n<li>Csal\u00e1di h\u00e1z vagy t\u00e1rsash\u00e1zi lak\u00e1s eset\u00e9n, \u00daJ \u00e1rbocra t\u00f6rt\u00e9n\u0151 antenna szerel\u00e9s, k\u00f6zepes v\u00e9teli helyen, 1-2 tv-re lek\u00e1belezve: 40 000 &#8211; 60 000 Ft<\/li>\n<li>Csal\u00e1di h\u00e1z eset\u00e9n, t\u00f6bb tv-s h\u00e1l\u00f3zat ut\u00f3lagos kialak\u00edt\u00e1sa, komplett \u00e1rbocos \u00faj szerel\u00e9s: telefonon \u00e9rdekl\u0151dj\u00f6n!<\/li>\n<li>T\u00e1rsash\u00e1zi rendszer jav\u00edt\u00e1sa, t\u00f6bb tv-s h\u00e1l\u00f3zat jav\u00edt\u00e1sa vagy komplett \u00e1rbocos \u00faj szerel\u00e9s: telefonon \u00e9rdekl\u0151dj\u00f6n!<\/li>\n<\/ol>\n<p><em>Antennaszerel\u00e9si anyagokat a legjobb \u00e1ron sz\u00e1ll\u00edtjuk \u00d6nnek, \u00edgy nem kell a beszerz\u00e9ssel \u00d6nnek bajl\u00f3dnia! Minden \u00e1ltalunk sz\u00e1ll\u00edtott term\u00e9kre 1 \u00e9v garanci\u00e1t adunk!<\/em><\/p>\n\n","protected":false},"excerpt":{"rendered":"<p>MindigTV (f\u00f6ldfelsz\u00edni digit\u00e1lis) v\u00e9teli rendszer ki\u00e9p\u00edt\u00e9se, jav\u00edt\u00e1sa \u00e9s b\u0151v\u00edt\u00e9se: Tev\u00e9kenys\u00e9gek: &#8211; tan\u00e1csad\u00e1s (telefonon \u00e9s e-mailen)&#8211; helysz\u00edni m\u00e9r\u00e9s (Mindig TV v\u00e9teli lehet\u0151s\u00e9g)&#8211; \u00e1raj\u00e1nlat k\u00e9sz\u00edt\u00e9se (t\u00e1rsash\u00e1zi \u00e9s nagyobb rendszerek tervez\u00e9se is)&#8211; teljes k\u00f6r\u0171 anyagbeszerz\u00e9s \u00e9s kisz\u00e1ll\u00edt\u00e1s (szerel\u00e9si anyagok)&#8211; dek\u00f3derek (Mindig TV vev\u0151k) kedvez\u0151 \u00e1ron val\u00f3 beszerz\u00e9se Mindig TV Extra k\u00e1rty\u00e1k \u00e9rt\u00e9kes\u00edt\u00e9se (alap &#8230;<\/p>\n","protected":false},"author":1,"featured_media":0,"parent":7,"menu_order":0,"comment_status":"closed","ping_status":"closed","template":"","meta":[],"_links":{"self":[{"href":"https:\/\/www.gregvill.hu\/index.php?rest_route=\/wp\/v2\/pages\/36"}],"collection":[{"href":"https:\/\/www.gregvill.hu\/index.php?rest_route=\/wp\/v2\/pages"}],"about":[{"href":"https:\/\/www.gregvill.hu\/index.php?rest_route=\/wp\/v2\/types\/page"}],"author":[{"embeddable":true,"href":"https:\/\/www.gregvill.hu\/index.php?rest_route=\/wp\/v2\/users\/1"}],"replies":[{"embeddable":true,"href":"https:\/\/www.gregvill.hu\/index.php?rest_route=%2Fwp%2Fv2%2Fcomments&post=36"}],"version-history":[{"count":10,"href":"https:\/\/www.gregvill.hu\/index.php?rest_route=\/wp\/v2\/pages\/36\/revisions"}],"predecessor-version":[{"id":373,"href":"https:\/\/www.gregvill.hu\/index.php?rest_route=\/wp\/v2\/pages\/36\/revisions\/373"}],"up":[{"embeddable":true,"href":"https:\/\/www.gregvill.hu\/index.php?rest_route=\/wp\/v2\/pages\/7"}],"wp:attachment":[{"href":"https:\/\/www.gregvill.hu\/index.php?rest_route=%2Fwp%2Fv2%2Fmedia&parent=36"}],"curies":[{"name":"wp","href":"https:\/\/api.w.org\/{rel}","templated":true}]}}