{"id":23,"date":"2013-07-08T18:16:17","date_gmt":"2013-07-08T16:16:17","guid":{"rendered":"http:\/\/www.gregvill.hu\/?page_id=23"},"modified":"2021-09-21T15:51:06","modified_gmt":"2021-09-21T13:51:06","slug":"23-2","status":"publish","type":"page","link":"https:\/\/www.gregvill.hu\/","title":{"rendered":"Kezd\u0151lap"},"content":{"rendered":"<table style=\"width: 100%; height: 432px;\">\n<tbody>\n<tr style=\"height: 216px;\">\n<td style=\"text-align: center; height: 216px;\" width=\"33%\"><a href=\"https:\/\/www.gregvill.hu\/?page_id=176\"><br \/>\n<\/a><a href=\"https:\/\/www.gregvill.hu\/?page_id=176\"><img loading=\"lazy\" class=\"aligncenter wp-image-177 size-thumbnail\" src=\"https:\/\/www.gregvill.hu\/wp-content\/uploads\/2016\/01\/support-150x150.png\" alt=\"support\" width=\"150\" height=\"150\" srcset=\"https:\/\/www.gregvill.hu\/wp-content\/uploads\/2016\/01\/support-150x150.png 150w, https:\/\/www.gregvill.hu\/wp-content\/uploads\/2016\/01\/support-300x300.png 300w, https:\/\/www.gregvill.hu\/wp-content\/uploads\/2016\/01\/support-100x100.png 100w, https:\/\/www.gregvill.hu\/wp-content\/uploads\/2016\/01\/support-432x432.png 432w, https:\/\/www.gregvill.hu\/wp-content\/uploads\/2016\/01\/support-268x268.png 268w\" sizes=\"(max-width: 150px) 100vw, 150px\" \/><\/a><a href=\"https:\/\/www.gregvill.hu\/?page_id=176\">Informatika<\/a><\/td>\n<td style=\"text-align: center; height: 216px;\" width=\"33%\"><a href=\"https:\/\/www.gregvill.hu\"><br \/>\n<\/a><a href=\"https:\/\/www.gregvill.hu\"><img loading=\"lazy\" class=\"aligncenter wp-image-181 size-thumbnail\" src=\"https:\/\/www.gregvill.hu\/wp-content\/uploads\/2013\/07\/cctv-150x150.png\" alt=\"cctv\" width=\"150\" height=\"150\" srcset=\"https:\/\/www.gregvill.hu\/wp-content\/uploads\/2013\/07\/cctv-150x150.png 150w, https:\/\/www.gregvill.hu\/wp-content\/uploads\/2013\/07\/cctv-300x300.png 300w, https:\/\/www.gregvill.hu\/wp-content\/uploads\/2013\/07\/cctv-100x100.png 100w, https:\/\/www.gregvill.hu\/wp-content\/uploads\/2013\/07\/cctv-600x602.png 600w, https:\/\/www.gregvill.hu\/wp-content\/uploads\/2013\/07\/cctv-332x333.png 332w, https:\/\/www.gregvill.hu\/wp-content\/uploads\/2013\/07\/cctv-432x432.png 432w, https:\/\/www.gregvill.hu\/wp-content\/uploads\/2013\/07\/cctv-268x268.png 268w, https:\/\/www.gregvill.hu\/wp-content\/uploads\/2013\/07\/cctv.png 638w\" sizes=\"(max-width: 150px) 100vw, 150px\" \/><\/a><a href=\"https:\/\/www.gregvill.hu\">Biztons\u00e1gi kamer\u00e1s rendszerek<\/a><\/td>\n<td style=\"text-align: center; height: 216px;\" width=\"33%\"><a href=\"https:\/\/www.gregvill.hu\/?page_id=7\"><br \/>\n<\/a><a href=\"https:\/\/www.gregvill.hu\/?page_id=7\"><img loading=\"lazy\" class=\"aligncenter wp-image-182 size-thumbnail\" src=\"https:\/\/www.gregvill.hu\/wp-content\/uploads\/2013\/07\/wifi-150x150.png\" alt=\"wifi\" width=\"150\" height=\"150\" srcset=\"https:\/\/www.gregvill.hu\/wp-content\/uploads\/2013\/07\/wifi-150x150.png 150w, https:\/\/www.gregvill.hu\/wp-content\/uploads\/2013\/07\/wifi-300x300.png 300w, https:\/\/www.gregvill.hu\/wp-content\/uploads\/2013\/07\/wifi-100x100.png 100w, https:\/\/www.gregvill.hu\/wp-content\/uploads\/2013\/07\/wifi-432x432.png 432w, https:\/\/www.gregvill.hu\/wp-content\/uploads\/2013\/07\/wifi-268x268.png 268w\" sizes=\"(max-width: 150px) 100vw, 150px\" \/><\/a><a href=\"https:\/\/www.gregvill.hu\/?page_id=7\">Antenna szerel\u00e9s<\/a><\/td>\n<\/tr>\n<tr style=\"height: 216px;\">\n<td style=\"text-align: center; height: 216px;\" width=\"33%\"><a href=\"https:\/\/www.gregvill.hu\/?page_id=197\"><br \/>\n<\/a><a href=\"https:\/\/www.gregvill.hu\/?page_id=197\"><img loading=\"lazy\" class=\"aligncenter wp-image-192 size-thumbnail\" src=\"https:\/\/www.gregvill.hu\/wp-content\/uploads\/2013\/07\/riaszto-150x150.png\" alt=\"riaszto\" width=\"150\" height=\"150\" srcset=\"https:\/\/www.gregvill.hu\/wp-content\/uploads\/2013\/07\/riaszto-150x150.png 150w, https:\/\/www.gregvill.hu\/wp-content\/uploads\/2013\/07\/riaszto-100x100.png 100w\" sizes=\"(max-width: 150px) 100vw, 150px\" \/><\/a><a href=\"https:\/\/www.gregvill.hu\/?page_id=197\">Riaszt\u00f3 szerel\u00e9s<\/a><\/td>\n<td style=\"text-align: center; height: 216px;\" width=\"33%\"><a href=\"https:\/\/www.gregvill.hu\" rel=\"attachment wp-att-193\"><br \/>\n<\/a><a href=\"https:\/\/www.gregvill.hu\" rel=\"attachment wp-att-193\"><img loading=\"lazy\" class=\"aligncenter wp-image-193 size-thumbnail\" src=\"https:\/\/www.gregvill.hu\/wp-content\/uploads\/2013\/07\/surgeprotect-150x150.jpg\" alt=\"surgeprotect\" width=\"150\" height=\"150\" srcset=\"https:\/\/www.gregvill.hu\/wp-content\/uploads\/2013\/07\/surgeprotect-150x150.jpg 150w, https:\/\/www.gregvill.hu\/wp-content\/uploads\/2013\/07\/surgeprotect-100x100.jpg 100w\" sizes=\"(max-width: 150px) 100vw, 150px\" \/><\/a><a href=\"https:\/\/www.gregvill.hu\" rel=\"attachment wp-att-193\">T\u00falfesz\u00fclts\u00e9g-v\u00e9delem<\/a><\/td>\n<td style=\"height: 216px; text-align: center;\" width=\"33%\"><a href=\"https:\/\/www.gregvill.hu\/?page_id=47\" rel=\"attachment wp-att-219\"><br \/>\n<\/a><a href=\"https:\/\/www.gregvill.hu\/?page_id=47\" rel=\"attachment wp-att-219\"><img loading=\"lazy\" class=\"aligncenter wp-image-219 size-thumbnail\" src=\"https:\/\/www.gregvill.hu\/wp-content\/uploads\/2013\/07\/tuzhely-small-150x150.jpg\" alt=\"tuzhely-small\" width=\"150\" height=\"150\" srcset=\"https:\/\/www.gregvill.hu\/wp-content\/uploads\/2013\/07\/tuzhely-small-150x150.jpg 150w, https:\/\/www.gregvill.hu\/wp-content\/uploads\/2013\/07\/tuzhely-small-100x100.jpg 100w\" sizes=\"(max-width: 150px) 100vw, 150px\" \/><\/a><a href=\"https:\/\/www.gregvill.hu\/?page_id=47\" rel=\"attachment wp-att-219\">Villanyt\u0171zhely, s\u00fct\u0151 beszerel\u00e9se<\/a><\/td>\n<\/tr>\n<\/tbody>\n<\/table>\n<p style=\"text-align: center;\"><a href=\"https:\/\/www.gregvill.hu\" rel=\"attachment wp-att-229\"><br \/>\nMikrohull\u00e1m\u00fa adat\u00e1tviteli linkek tervez\u00e9se \u00e9s kivitelez\u00e9se<\/a><a href=\"https:\/\/www.gregvill.hu\" rel=\"attachment wp-att-229\"><img loading=\"lazy\" class=\"aligncenter wp-image-229 size-full\" src=\"https:\/\/www.gregvill.hu\/wp-content\/uploads\/2013\/07\/wifilink.gif\" alt=\"wifilink\" width=\"400\" height=\"94\" \/><\/a><\/p>\n<p><strong>Bemutatkoz\u00e1s<br \/>\n<\/strong><\/p>\n<p style=\"text-align: justify;\">A GREGVILL (Geresystem Kft.) sz\u00e9khelye Budapesten van, helysz\u00edni szerel\u00e9si tev\u00e9kenys\u00e9get Budapest ter\u00fclet\u00e9n bel\u00fcl \u00e9s azon k\u00edv\u00fcl: Pest megye d\u00e9li- \u00e9s nyugati t\u00e9rs\u00e9g\u00e9ben, valamint a Velencei t\u00f3 t\u00e9rs\u00e9g\u00e9ben is v\u00e9gz\u00fcnk.<\/p>\n<p>Hossz\u00fa \u00e9vek szakmai tapasztalat\u00e1val \u00e9s sz\u00e9lesk\u00f6r\u0171 technikai felszerelts\u00e9ggel, m\u0171szerezetts\u00e9ggel rendelkez\u00fcnk a gyenge\u00e1ram\u00fa ter\u00fcleteken: antenna szerel\u00e9s, riaszt\u00f3 szerel\u00e9s \u00e9s informatikai munk\u00e1k ter\u00e9n. Munk\u00e1ink sor\u00e1n mindig a m\u0171szakilag legmagasabb szint\u0171, prec\u00edz munkav\u00e9gz\u00e9st tartjuk els\u0151dlegesnek, nem figyelmen k\u00edv\u00fcl hagyva az eszt\u00e9tikai elv\u00e1r\u00e1sokat \u00e9s ig\u00e9nyeket. A megrendel\u00e9seket a lehet\u0151s\u00e9gekhez m\u00e9rten a legr\u00f6videbb hat\u00e1rid\u0151n bel\u00fcl megpr\u00f3b\u00e1ljuk teljes\u00edteni, a legt\u00f6bb kisebb munka eset\u00e9ben a nagy eszk\u00f6zk\u00e9szletnek k\u00f6sz\u00f6nhet\u0151en egy kisz\u00e1ll\u00e1s alkalm\u00e1val megoldjuk a r\u00e1nk b\u00edzott feladatokat.<\/p>\n<p style=\"text-align: justify;\">Minden munk\u00e1nkra 1 \u00e9v j\u00f3t\u00e1ll\u00e1st v\u00e1llalunk!<\/p>\n<h2>Munkafelv\u00e9tel<\/h2>\n<p><strong><em>Telefonon: +36-1-445-0545 telefonsz\u00e1mon \u00e9s a +36-70-5030069 mobilsz\u00e1mon (H-P 9-18 \u00f3r\u00e1ig) vagy e-mailen a info@gregvill.hu email c\u00edmen lehets\u00e9ges.<br \/>\n<\/em><\/strong><\/p>\n<p><em><strong><!-- Telefonon 9-19 \u00f3r\u00e1ig (H\u00e9tf\u0151-P\u00e9ntek) vagy e-mailen lehets\u00e9ges. --><\/strong><\/em><\/p>\n<h2>Munkaid\u0151<\/h2>\n<p><em><strong>H\u00e9tf\u0151 &#8211; P\u00e9ntek: 8-19 \u00f3r\u00e1ig.<\/strong><\/em><\/p>\n<h2>Kisz\u00e1ll\u00e1si ter\u00fcletek<\/h2>\n<p>Munk\u00e1t v\u00e9gz\u00fcnk Budapesten \u00e9s k\u00f6rny\u00e9k\u00e9n, tov\u00e1bb\u00e1 Martonv\u00e1s\u00e1ron \u00e9s a Velencei t\u00f3n\u00e1l!<\/p>\n<p><em>Kedvezm\u00e9nyes kisz\u00e1ll\u00e1s: a D\u00e9l-Budai \u00e9s Di\u00f3sd, \u00c9rd, Buda\u00f6rs t\u00e9rs\u00e9g\u00e9ben.<br \/>\n<\/em><\/p>\n<p><strong>Tov\u00e1bbi inf\u00f3 az <a href=\"http:\/\/www.gregvill.hu\/?page_id=106\">kisz\u00e1ll\u00e1si ter\u00fcletek<\/a> oldalon tal\u00e1lhat\u00f3!<\/strong><\/p>\n","protected":false},"excerpt":{"rendered":"<p>Informatika Biztons\u00e1gi kamer\u00e1s rendszerek Antenna szerel\u00e9s Riaszt\u00f3 szerel\u00e9s T\u00falfesz\u00fclts\u00e9g-v\u00e9delem Villanyt\u0171zhely, s\u00fct\u0151 beszerel\u00e9se Mikrohull\u00e1m\u00fa adat\u00e1tviteli linkek tervez\u00e9se \u00e9s kivitelez\u00e9se Bemutatkoz\u00e1s A GREGVILL (Geresystem Kft.) sz\u00e9khelye Budapesten van, helysz\u00edni szerel\u00e9si tev\u00e9kenys\u00e9get Budapest ter\u00fclet\u00e9n bel\u00fcl \u00e9s azon k\u00edv\u00fcl: Pest megye d\u00e9li- \u00e9s nyugati t\u00e9rs\u00e9g\u00e9ben, valamint a Velencei t\u00f3 t\u00e9rs\u00e9g\u00e9ben is v\u00e9gz\u00fcnk. Hossz\u00fa \u00e9vek &#8230;<\/p>\n","protected":false},"author":1,"featured_media":0,"parent":0,"menu_order":20,"comment_status":"closed","ping_status":"closed","template":"","meta":[],"_links":{"self":[{"href":"https:\/\/www.gregvill.hu\/index.php?rest_route=\/wp\/v2\/pages\/23"}],"collection":[{"href":"https:\/\/www.gregvill.hu\/index.php?rest_route=\/wp\/v2\/pages"}],"about":[{"href":"https:\/\/www.gregvill.hu\/index.php?rest_route=\/wp\/v2\/types\/page"}],"author":[{"embeddable":true,"href":"https:\/\/www.gregvill.hu\/index.php?rest_route=\/wp\/v2\/users\/1"}],"replies":[{"embeddable":true,"href":"https:\/\/www.gregvill.hu\/index.php?rest_route=%2Fwp%2Fv2%2Fcomments&post=23"}],"version-history":[{"count":33,"href":"https:\/\/www.gregvill.hu\/index.php?rest_route=\/wp\/v2\/pages\/23\/revisions"}],"predecessor-version":[{"id":390,"href":"https:\/\/www.gregvill.hu\/index.php?rest_route=\/wp\/v2\/pages\/23\/revisions\/390"}],"wp:attachment":[{"href":"https:\/\/www.gregvill.hu\/index.php?rest_route=%2Fwp%2Fv2%2Fmedia&parent=23"}],"curies":[{"name":"wp","href":"https:\/\/api.w.org\/{rel}","templated":true}]}}