{"id":197,"date":"2016-01-25T16:55:04","date_gmt":"2016-01-25T15:55:04","guid":{"rendered":"http:\/\/www.gregvill.hu\/?page_id=197"},"modified":"2020-09-20T12:16:18","modified_gmt":"2020-09-20T10:16:18","slug":"riaszto-szereles","status":"publish","type":"page","link":"https:\/\/www.gregvill.hu\/?page_id=197","title":{"rendered":"Riaszt\u00f3 szerel\u00e9s"},"content":{"rendered":"<p><strong>A riaszt\u00f3rendszer vagy m\u00e1s n\u00e9ven behatol\u00e1sjelz\u0151 rendszer egy olyan leg\u00e1lis vagyonv\u00e9delmi megold\u00e1s<\/strong>,<strong> ami seg\u00edts\u00e9g\u00e9vel \u00e9rt\u00e9keink v\u00e9delm\u00e9t biztos\u00edtani tudjuk.<\/strong> A riaszt\u00f3rendszer nem v\u00e9d a bet\u00f6r\u00e9s ellen, de annak a cselekedetnek a folytat\u00e1s\u00e1t, sikeress\u00e9g\u00e9t akad\u00e1lyozhatja meg azzal, hogy jelz\u00e9st ad a k\u00fclvil\u00e1g \u00e9s esetlegesen a t\u00e1vfel\u00fcgyelet, kivonul\u00f3 szolg\u00e1lat r\u00e9sz\u00e9re,<em> \u00edgy a b\u0171ncselekm\u00e9ny folytat\u00e1sa megakad\u00e1lyozhat\u00f3.<\/em><\/p>\n<p><img loading=\"lazy\" class=\"wp-image-192 size-full aligncenter\" src=\"https:\/\/www.gregvill.hu\/wp-content\/uploads\/2013\/07\/riaszto.png\" alt=\"\" width=\"275\" height=\"196\" \/><\/p>\n<p><strong>A riaszt\u00f3rendszer akkor v\u00e9di \u00e9rt\u00e9keinket, ha:<\/strong><\/p>\n<ul>\n<li>j\u00f3l megtervezett \u00e9s kivitelezett a rendszer (minimaliz\u00e1ljuk a megker\u00fcl\u00e9si pontjait)<\/li>\n<li>a v\u00e9delem akt\u00edv (vagyis \u00e9les\u00edtett a rendszer, amikor kell!)<\/li>\n<li>a rendszert illet\u00e9ktelenek nem tudj\u00e1k m\u00f3dos\u00edtani, kiiktatni (szabot\u00e1zsv\u00e9delem)<\/li>\n<li>egyszerre v\u00e9d a bet\u00f6r\u00e9st\u0151l \u00e9s az elemi k\u00e1rok ellen is (t\u0171z-, v\u00edzk\u00e1r ellen stb.)<\/li>\n<li>amennyiben egy\u00e9b v\u00e9delmi szolg\u00e1lat nem \u00e1ll rendelkez\u00e9sre, a rendszert t\u00e1vfel\u00fcgyeletre kell k\u00f6tni!<\/li>\n<\/ul>\n<p>Egy riaszt\u00f3rendszer akkor ny\u00fajt teljes v\u00e9delmet, ha rendelkezik behatol\u00e1sv\u00e9delmi rendszerrel (h\u00e9jv\u00e9delem), bels\u0151 t\u00e9rv\u00e9delemmel (PIR \u00e9rz\u00e9kel\u0151k), kieg\u00e9sz\u00edt\u0151 \u00e9rz\u00e9kel\u0151kkel az elemi k\u00e1rok ellen (t\u0171z-, f\u00fcst-, g\u00e1z-, v\u00edz \u00e9rz\u00e9kel\u0151kkel) tov\u00e1bb\u00e1 rendelkezik t\u00e1mad\u00e1sjelz\u0151kkel (p\u00e1nikkapcsol\u00f3k, t\u00e1vir\u00e1ny\u00edt\u00f3k, k\u00e9zi jelz\u00e9sad\u00f3k, p\u00e1nikk\u00f3d stb.)<\/p>\n<p><em>Egy hi\u00e1nyos v\u00e9delmet ad\u00f3 riaszt\u00f3rendszer t\u00e9ves biztons\u00e1g\u00e9rzetet adhat, ami rosszabb lehet egy riaszt\u00f3rendszer n\u00e9lk\u00fcli \u00e1llapotn\u00e1l is!<\/em><\/p>\n<p><strong>Riaszt\u00f3 szerel\u00e9si szolg\u00e1ltat\u00e1s:<\/strong><\/p>\n<ul>\n<li>lakoss\u00e1gi \u00e9s k\u00f6z\u00fcleti riaszt\u00f3rendszerek tervez\u00e9se \u00e9s ki\u00e9p\u00edt\u00e9se<\/li>\n<li>megl\u00e9v\u0151 rendszerek \u00e1t\u00e9p\u00edt\u00e9se, fel\u00faj\u00edt\u00e1sa<\/li>\n<\/ul>\n<p><img loading=\"lazy\" class=\"wp-image-198 size-full aligncenter\" src=\"https:\/\/www.gregvill.hu\/wp-content\/uploads\/2016\/01\/masco_satel.jpg\" alt=\"\" width=\"400\" height=\"300\" srcset=\"https:\/\/www.gregvill.hu\/wp-content\/uploads\/2016\/01\/masco_satel.jpg 400w, https:\/\/www.gregvill.hu\/wp-content\/uploads\/2016\/01\/masco_satel-300x225.jpg 300w, https:\/\/www.gregvill.hu\/wp-content\/uploads\/2016\/01\/masco_satel-332x249.jpg 332w\" sizes=\"(max-width: 400px) 100vw, 400px\" \/><\/p>\n<p><strong>Alkalmazott gy\u00e1rt\u00f3i rendszerek:<\/strong><\/p>\n<ul>\n<li>SATEL riaszt\u00f3rendszerek: CA-10, VERSA, INTEGRA, MICRA<\/li>\n<li>DSC riaszt\u00f3rendszerek: PC1616, PC1404, PC585H, PC1832, PC1864<\/li>\n<\/ul>\n<p><strong>SATEL \u00e9s DSC rendszerek teljes k\u00f6r\u0171 tervez\u00e9s\u00e9t \u00e9s kivitelez\u00e9s\u00e9t v\u00e1llalom, ide \u00e9rtve a rendszerek ki\u00e9p\u00edt\u00e9s ut\u00e1ni id\u0151szakos karbantart\u00e1s\u00e1t is.<\/strong><\/p>\n<p><strong>Ir\u00e1ny\u00e1rak:<\/strong><\/p>\n<p><a href=\"https:\/\/www.gregvill.hu\/wp-content\/uploads\/2016\/01\/flat.jpg\"><img loading=\"lazy\" class=\"wp-image-207 size-medium aligncenter\" src=\"https:\/\/www.gregvill.hu\/wp-content\/uploads\/2016\/01\/flat-263x300.jpg\" alt=\"\" width=\"263\" height=\"300\" srcset=\"https:\/\/www.gregvill.hu\/wp-content\/uploads\/2016\/01\/flat-263x300.jpg 263w, https:\/\/www.gregvill.hu\/wp-content\/uploads\/2016\/01\/flat.jpg 600w, https:\/\/www.gregvill.hu\/wp-content\/uploads\/2016\/01\/flat-332x377.jpg 332w\" sizes=\"(max-width: 263px) 100vw, 263px\" \/><\/a><\/p>\n<p><em>Fontos inform\u00e1ci\u00f3: minden riaszt\u00f3rendszer egy k\u00f6zpontb\u00f3l, \u00e9rz\u00e9kel\u0151kb\u0151l, jelz\u00e9sad\u00f3kb\u00f3l \u00e9s esetlegesen vezet\u00e9kekb\u0151l \u00e1ll. A k\u00f6zpontot egy z\u00e1rt, k\u00edv\u00fclr\u0151l k\u00f6nnyen nem megk\u00f6zel\u00edthet\u0151, de szobah\u0151m\u00e9rs\u00e9klethez k\u00f6zeli h\u0151fok\u00fa helyre c\u00e9lszer\u0171 szerelni (pl. pincelej\u00e1rat, emeleti l\u00e9pcs\u0151 alatti z\u00e1rt b\u00fav\u00f3t\u00e9r, gardr\u00f3b stb.) A szir\u00e9n\u00e1t, mint jelz\u00e9sad\u00f3t c\u00e9lszer\u0171 a k\u00f6zter\u00fcletr\u0151l is j\u00f3l l\u00e1that\u00f3 helyre szerelni (pl. t\u0171zfal, utcafronti falon 4m f\u00f6l\u00f6tt, k\u00e9m\u00e9ny), hogy \u00e9rz\u00e9kelj\u00e9k a riaszt\u00e1st. A riaszt\u00f3rendszer kezel\u0151j\u00e9t (billenty\u0171zet) a v\u00e9dett objektumon bel\u00fcl, az els\u0151 bel\u00e9p\u00e9si-kil\u00e9p\u00e9si pont k\u00f6zel\u00e9ben kell elhelyezni (pl. bej\u00e1rati ajt\u00f3 mellett, bel\u00fcl). Mindegyik riaszt\u00f3rendszernek sz\u00fcks\u00e9ges k\u00fcls\u0151 t\u00e1pell\u00e1t\u00e1s (pl. 230V) amit a k\u00f6zponthoz kell vezetni. Amennyiben vezet\u00e9kes \u00e9rz\u00e9kel\u0151kkel l\u00e1tjuk el a riaszt\u00f3rendszert a vezet\u00e9krendszert az objektumon bel\u00fcl ki kell \u00e9p\u00edteni, ez m\u00e1r pl. egy lakott lak\u00e1sban lehet ak\u00e1r v\u00e9s\u00e9ssel is j\u00e1r\u00f3 probl\u00e9ma.\u00a0 Ezeket c\u00e9lszer\u0171 figyelembe venni, \u00e9s ezek m\u00f3dos\u00edthatj\u00e1k az al\u00e1bbi \u00e1rakat!<\/em><\/p>\n<p><strong>LAK\u00c1S (kb. 32nm) 2db v\u00e9dend\u0151 helys\u00e9g, emeleti, 1db bej\u00e1rati ajt\u00f3val: <\/strong><\/p>\n<ul>\n<li>Anyag (SATEL VERSA 10 k\u00f6zpont+LCD kezel\u0151), 3 PIR, 1 nyit\u00e1s\u00e9rz\u00e9kel\u0151, 1db k\u00fcls\u0151 szir\u00e9na: 46 500 Ft<\/li>\n<li>Seg\u00e9danyag (akkuk, vezet\u00e9kek, k\u00e1belcsatorna stb.): kb. 10 000 Ft<\/li>\n<li>Munkad\u00edj: kb. 52 000 Ft<\/li>\n<\/ul>\n<p>\u00d6sszesen: 108 500 Ft<\/p>\n<p><strong>LAK\u00c1S (kb. 32nm) 2db v\u00e9dend\u0151 helys\u00e9g, f\u00f6ldszinti, 1db bej\u00e1rati ajt\u00f3val, ablakokra h\u00e9jv\u00e9delemmel:<\/strong><\/p>\n<ul>\n<li>Anyag (SATEL VERSA 10 k\u00f6zpont+LCD kezel\u0151), 3 PIR, 3 nyit\u00e1s\u00e9rz\u00e9kel\u0151, 1db k\u00fcls\u0151 szir\u00e9na: 48 500 Ft<\/li>\n<li>Seg\u00e9danyag (akkuk, vezet\u00e9kek, k\u00e1belcsatorna stb.): kb. 13 000 Ft<\/li>\n<li>Munkad\u00edj: kb. 55 000 Ft<\/li>\n<\/ul>\n<p>\u00d6sszesen: 116 500 Ft<\/p>\n<p><strong>LAK\u00c1S (kb. 60nm) 4 v\u00e9dend\u0151 helys\u00e9g,\u00a0 1db bej\u00e1rati ajt\u00f3val:<br \/><\/strong><\/p>\n<ul>\n<li>Anyag (SATEL VERSA 10 k\u00f6zpont+LCD kezel\u0151), 5 PIR, 1 nyit\u00e1s\u00e9rz\u00e9kel\u0151, 1db k\u00fcls\u0151 szir\u00e9na: 56 500 Ft<\/li>\n<li>Seg\u00e9danyag (akkuk, vezet\u00e9kek, k\u00e1belcsatorna stb.): kb. 13 000 Ft<\/li>\n<li>Munkad\u00edj: kb. 55 000 Ft<\/li>\n<\/ul>\n<p>\u00d6sszesen: 124 500 Ft<\/p>\n<p><strong>LAK\u00c1S (kb. 60nm) 4 v\u00e9dend\u0151 helys\u00e9g,\u00a0 1db bej\u00e1rati ajt\u00f3val, 1 db teraszajt\u00f3val, ablakokra h\u00e9jv\u00e9delem: <\/strong><\/p>\n<ul>\n<li>Anyag (SATEL VERSA 10 k\u00f6zpont+LCD kezel\u0151+z\u00f3nab\u0151v\u00edt\u0151), 5 PIR, 6db nyit\u00e1s\u00e9rz\u00e9kel\u0151, 1db k\u00fcls\u0151 szir\u00e9na: 64 500 Ft<\/li>\n<li>Seg\u00e9danyag (akkuk, vezet\u00e9kek, k\u00e1belcsatorna stb.): kb. 20 000 Ft<\/li>\n<li>Munkad\u00edj: kb. 72 000 Ft<\/li>\n<\/ul>\n<p>\u00d6sszesen: 156 500 Ft<\/p>\n<p><strong>Nagy LAK\u00c1S vagy csal\u00e1di h\u00e1z 7 v\u00e9dend\u0151 helys\u00e9g,\u00a0 1db bej\u00e1rati ajt\u00f3val, 1 db teraszajt\u00f3val, ablakokra h\u00e9jv\u00e9delem: <\/strong><\/p>\n<ul>\n<li>Anyag (SATEL VERSA 10 k\u00f6zpont+LCD kezel\u0151+z\u00f3nab\u0151v\u00edt\u0151), 8 PIR, 9db nyit\u00e1s\u00e9rz\u00e9kel\u0151, 1db k\u00fcls\u0151 szir\u00e9na, 1db bels\u0151 szir\u00e9na: 82 500 Ft<\/li>\n<li>Seg\u00e9danyag (akkuk, vezet\u00e9kek, k\u00e1belcsatorna stb.): kb. 30 000 Ft<\/li>\n<li>Munkad\u00edj: kb. 110 000 Ft<\/li>\n<\/ul>\n<p>\u00d6sszesen: 222 500 Ft<\/p>\n<p><strong>Kieg\u00e9sz\u00edt\u0151 v\u00e9delmek a fenti rendszerekhez:<\/strong><\/p>\n<ul>\n<li>F\u00fcst\u00e9rz\u00e9kel\u0151, h\u0151\u00e9rz\u00e9kel\u0151: <em>k\u00e9rjen \u00e1raj\u00e1nlatot!<\/em><\/li>\n<li>CO \u00e9rz\u00e9kel\u0151: <em>k\u00e9rjen \u00e1raj\u00e1nlatot! <strong>\u00c9letet menthet!<\/strong><\/em><\/li>\n<li>Met\u00e1n \u00e9rz\u00e9kel\u0151 (g\u00e1zsziv\u00e1rg\u00e1s): <em>k\u00e9rjen \u00e1raj\u00e1nlatot!<\/em><\/li>\n<li>V\u00edzbet\u00f6r\u00e9s \u00e9rz\u00e9kel\u0151: <em>k\u00e9rjen \u00e1raj\u00e1nlatot!<\/em><\/li>\n<li>P\u00e1nikkapcsol\u00f3: +3500 Ft<\/li>\n<li>\u00dcvegt\u00f6r\u00e9s \u00e9rz\u00e9kel\u0151: <em>k\u00e9rjen \u00e1raj\u00e1nlatot!<\/em><\/li>\n<li>Falbont\u00e1s\/rezg\u00e9s \u00e9rz\u00e9kel\u0151 (sz\u00e9fhez): <em>k\u00e9rjen \u00e1raj\u00e1nlatot!<\/em><\/li>\n<\/ul>\n<p><em>Minden \u00e1ltalam beszerzett \u00e9s szerelt riaszt\u00f3k\u00f6zpont kieg\u00e9sz\u00edthet\u0151 GSM \u00e1tjelz\u0151vel, \u00edgy SMS-ben \u00e9s\/vagy telefonos \u00e9rtes\u00edt\u00e9ssel \u00fczenetet k\u00fcld a rendszer riaszt\u00e1s eset\u00e9ben, tov\u00e1bb\u00e1 b\u00e1rmely k\u00f6zpont bek\u00f6thet\u0151 t\u00e1vfel\u00fcgyelethez!<\/em><\/p>\n<p><strong>Az itt szerepl\u0151 ir\u00e1nyad\u00f3 \u00e1rak csak a SATEL VERSA 10 k\u00f6zpont eset\u00e9n \u00e9rv\u00e9nyesek, k\u00e9rjen ig\u00e9ny eset\u00e9n egyedi \u00e1raj\u00e1nlatot!<\/strong><\/p>\n\n","protected":false},"excerpt":{"rendered":"<p>A riaszt\u00f3rendszer vagy m\u00e1s n\u00e9ven behatol\u00e1sjelz\u0151 rendszer egy olyan leg\u00e1lis vagyonv\u00e9delmi megold\u00e1s, ami seg\u00edts\u00e9g\u00e9vel \u00e9rt\u00e9keink v\u00e9delm\u00e9t biztos\u00edtani tudjuk. A riaszt\u00f3rendszer nem v\u00e9d a bet\u00f6r\u00e9s ellen, de annak a cselekedetnek a folytat\u00e1s\u00e1t, sikeress\u00e9g\u00e9t akad\u00e1lyozhatja meg azzal, hogy jelz\u00e9st ad a k\u00fclvil\u00e1g \u00e9s esetlegesen a t\u00e1vfel\u00fcgyelet, kivonul\u00f3 szolg\u00e1lat r\u00e9sz\u00e9re, \u00edgy a b\u0171ncselekm\u00e9ny &#8230;<\/p>\n","protected":false},"author":1,"featured_media":0,"parent":51,"menu_order":0,"comment_status":"closed","ping_status":"open","template":"","meta":[],"_links":{"self":[{"href":"https:\/\/www.gregvill.hu\/index.php?rest_route=\/wp\/v2\/pages\/197"}],"collection":[{"href":"https:\/\/www.gregvill.hu\/index.php?rest_route=\/wp\/v2\/pages"}],"about":[{"href":"https:\/\/www.gregvill.hu\/index.php?rest_route=\/wp\/v2\/types\/page"}],"author":[{"embeddable":true,"href":"https:\/\/www.gregvill.hu\/index.php?rest_route=\/wp\/v2\/users\/1"}],"replies":[{"embeddable":true,"href":"https:\/\/www.gregvill.hu\/index.php?rest_route=%2Fwp%2Fv2%2Fcomments&post=197"}],"version-history":[{"count":6,"href":"https:\/\/www.gregvill.hu\/index.php?rest_route=\/wp\/v2\/pages\/197\/revisions"}],"predecessor-version":[{"id":369,"href":"https:\/\/www.gregvill.hu\/index.php?rest_route=\/wp\/v2\/pages\/197\/revisions\/369"}],"up":[{"embeddable":true,"href":"https:\/\/www.gregvill.hu\/index.php?rest_route=\/wp\/v2\/pages\/51"}],"wp:attachment":[{"href":"https:\/\/www.gregvill.hu\/index.php?rest_route=%2Fwp%2Fv2%2Fmedia&parent=197"}],"curies":[{"name":"wp","href":"https:\/\/api.w.org\/{rel}","templated":true}]}}