{"id":176,"date":"2016-01-25T13:30:32","date_gmt":"2016-01-25T12:30:32","guid":{"rendered":"http:\/\/www.gregvill.hu\/?page_id=176"},"modified":"2022-08-23T14:43:52","modified_gmt":"2022-08-23T12:43:52","slug":"informatika","status":"publish","type":"page","link":"https:\/\/www.gregvill.hu\/?page_id=176","title":{"rendered":"Informatika"},"content":{"rendered":"<p><img loading=\"lazy\" class=\"aligncenter size-medium wp-image-177\" src=\"http:\/\/www.gregvill.hu\/wp-content\/uploads\/2016\/01\/support-300x277.png\" alt=\"support\" width=\"300\" height=\"277\" srcset=\"https:\/\/www.gregvill.hu\/wp-content\/uploads\/2016\/01\/support-300x277.png 300w, https:\/\/www.gregvill.hu\/wp-content\/uploads\/2016\/01\/support-600x554.png 600w, https:\/\/www.gregvill.hu\/wp-content\/uploads\/2016\/01\/support-332x306.png 332w, https:\/\/www.gregvill.hu\/wp-content\/uploads\/2016\/01\/support.png 640w\" sizes=\"(max-width: 300px) 100vw, 300px\" \/><\/p>\n<p><strong>C\u00e9g\u00fcnk seg\u00edts\u00e9g\u00e9re lehet az al\u00e1bbi feladatokban:<\/strong><\/p>\n<ul>\n<li>Sz\u00e1m\u00edt\u00f3g\u00e9p h\u00e1l\u00f3zat tervez\u00e9se, ki\u00e9p\u00edt\u00e9se mind lakoss\u00e1gi, mind c\u00e9ges rendszereket illet\u0151en<\/li>\n<li>Informatikai szolg\u00e1ltat\u00e1sok tervez\u00e9se \u00e9s kivitelez\u00e9se: kiszolg\u00e1l\u00f3k, adatt\u00e1rol\u00f3 rendszerek, biztons\u00e1gi rendszerek, v\u00edrusv\u00e9delem \u00e9s t\u0171zfalak.<\/li>\n<li>IT tan\u00e1csad\u00e1s \u00e9s megold\u00e1skeres\u00e9s<\/li>\n<\/ul>\n<p><strong><em>Haszn\u00e1lja a men\u00fcrendszert a tov\u00e1bbi inform\u00e1ci\u00f3k\u00e9rt!<\/em><\/strong><\/p>\n","protected":false},"excerpt":{"rendered":"<p>C\u00e9g\u00fcnk seg\u00edts\u00e9g\u00e9re lehet az al\u00e1bbi feladatokban: Sz\u00e1m\u00edt\u00f3g\u00e9p h\u00e1l\u00f3zat tervez\u00e9se, ki\u00e9p\u00edt\u00e9se mind lakoss\u00e1gi, mind c\u00e9ges rendszereket illet\u0151en Informatikai szolg\u00e1ltat\u00e1sok tervez\u00e9se \u00e9s kivitelez\u00e9se: kiszolg\u00e1l\u00f3k, adatt\u00e1rol\u00f3 rendszerek, biztons\u00e1gi rendszerek, v\u00edrusv\u00e9delem \u00e9s t\u0171zfalak. IT tan\u00e1csad\u00e1s \u00e9s megold\u00e1skeres\u00e9s Haszn\u00e1lja a men\u00fcrendszert a tov\u00e1bbi inform\u00e1ci\u00f3k\u00e9rt!<\/p>\n","protected":false},"author":1,"featured_media":0,"parent":0,"menu_order":2,"comment_status":"closed","ping_status":"open","template":"","meta":[],"_links":{"self":[{"href":"https:\/\/www.gregvill.hu\/index.php?rest_route=\/wp\/v2\/pages\/176"}],"collection":[{"href":"https:\/\/www.gregvill.hu\/index.php?rest_route=\/wp\/v2\/pages"}],"about":[{"href":"https:\/\/www.gregvill.hu\/index.php?rest_route=\/wp\/v2\/types\/page"}],"author":[{"embeddable":true,"href":"https:\/\/www.gregvill.hu\/index.php?rest_route=\/wp\/v2\/users\/1"}],"replies":[{"embeddable":true,"href":"https:\/\/www.gregvill.hu\/index.php?rest_route=%2Fwp%2Fv2%2Fcomments&post=176"}],"version-history":[{"count":2,"href":"https:\/\/www.gregvill.hu\/index.php?rest_route=\/wp\/v2\/pages\/176\/revisions"}],"predecessor-version":[{"id":394,"href":"https:\/\/www.gregvill.hu\/index.php?rest_route=\/wp\/v2\/pages\/176\/revisions\/394"}],"wp:attachment":[{"href":"https:\/\/www.gregvill.hu\/index.php?rest_route=%2Fwp%2Fv2%2Fmedia&parent=176"}],"curies":[{"name":"wp","href":"https:\/\/api.w.org\/{rel}","templated":true}]}}