{"id":170,"date":"2016-01-25T13:13:26","date_gmt":"2016-01-25T12:13:26","guid":{"rendered":"http:\/\/www.gregvill.hu\/?page_id=170"},"modified":"2018-12-03T19:22:55","modified_gmt":"2018-12-03T18:22:55","slug":"szamitogep-halozat-kiepitese-es-javitasa","status":"publish","type":"page","link":"https:\/\/www.gregvill.hu\/?page_id=170","title":{"rendered":"Sz\u00e1m\u00edt\u00f3g\u00e9p h\u00e1l\u00f3zat ki\u00e9p\u00edt\u00e9se \u00e9s jav\u00edt\u00e1sa"},"content":{"rendered":"<p>Napjaink egyik legfontosabb munkaeszk\u00f6ze a sz\u00e1m\u00edt\u00f3g\u00e9p, ami csak h\u00e1l\u00f3zatba kapcsolva k\u00e9pes adatkommunik\u00e1ci\u00f3t megval\u00f3s\u00edtani, \u00edgy kiszolg\u00e1lni a mindennapi informatikai ig\u00e9nyeinket: ami lehet elektronikus levelez\u00e9s, de ak\u00e1r a napjainkban egyre n\u00e9pszer\u0171bb t\u00e1vmunka egy VPN kapcsolaton kereszt\u00fcl.<\/p>\n<p><img loading=\"lazy\" class=\"aligncenter size-medium wp-image-173\" src=\"http:\/\/www.gregvill.hu\/wp-content\/uploads\/2016\/01\/network_ethernet-300x199.jpg\" alt=\"network connectors\" width=\"300\" height=\"199\" srcset=\"https:\/\/www.gregvill.hu\/wp-content\/uploads\/2016\/01\/network_ethernet-300x199.jpg 300w, https:\/\/www.gregvill.hu\/wp-content\/uploads\/2016\/01\/network_ethernet-600x399.jpg 600w, https:\/\/www.gregvill.hu\/wp-content\/uploads\/2016\/01\/network_ethernet-1024x681.jpg 1024w, https:\/\/www.gregvill.hu\/wp-content\/uploads\/2016\/01\/network_ethernet-700x465.jpg 700w, https:\/\/www.gregvill.hu\/wp-content\/uploads\/2016\/01\/network_ethernet-332x220.jpg 332w\" sizes=\"(max-width: 300px) 100vw, 300px\" \/><\/p>\n<p><em>Egy modern, nagy sebess\u00e9g\u0171 \u00e9s megb\u00edzhat\u00f3an m\u0171k\u00f6d\u0151 sz\u00e1m\u00edt\u00f3g\u00e9pes h\u00e1l\u00f3zatot csak szakember k\u00e9pes megfelel\u0151en megtervezni \u00e9s ki\u00e9p\u00edteni.<\/em><\/p>\n<p><strong>Modern otthoni sz\u00e1m\u00edt\u00f3g\u00e9pes h\u00e1l\u00f3zat tervez\u00e9se \u00e9s ki\u00e9p\u00edt\u00e9se<\/strong><\/p>\n<p>Egy modern h\u00e1ztart\u00e1sban is sz\u00fcks\u00e9ges a gyors \u00e9s megb\u00edzhat\u00f3 (nem els\u0151sorban csak wi-fi alap\u00fa) sz\u00e1m\u00edt\u00f3g\u00e9pes h\u00e1l\u00f3zat ki\u00e9p\u00edt\u00e9se, amin kereszt\u00fcl int\u00e9zhetj\u00fck az otthon felmer\u00fcl\u0151 informatikai feladatainkat \u00e9s amin kereszt\u00fcl t\u00e1vmunk\u00e1t is tudunk v\u00e9gezni.<\/p>\n<p><a href=\"http:\/\/www.gregvill.hu\/wp-content\/uploads\/2016\/01\/otthoni-network.png\"><img loading=\"lazy\" class=\"aligncenter size-full wp-image-171\" src=\"http:\/\/www.gregvill.hu\/wp-content\/uploads\/2016\/01\/otthoni-network.png\" alt=\"otthoni-network\" width=\"910\" height=\"725\" srcset=\"https:\/\/www.gregvill.hu\/wp-content\/uploads\/2016\/01\/otthoni-network.png 910w, https:\/\/www.gregvill.hu\/wp-content\/uploads\/2016\/01\/otthoni-network-600x478.png 600w, https:\/\/www.gregvill.hu\/wp-content\/uploads\/2016\/01\/otthoni-network-300x239.png 300w, https:\/\/www.gregvill.hu\/wp-content\/uploads\/2016\/01\/otthoni-network-700x557.png 700w, https:\/\/www.gregvill.hu\/wp-content\/uploads\/2016\/01\/otthoni-network-332x264.png 332w\" sizes=\"(max-width: 910px) 100vw, 910px\" \/><\/a>Egy modern otthonban sz\u00fcks\u00e9ges lehet az okos eszk\u00f6zeinket ell\u00e1tni a megfelel\u0151 min\u0151s\u00e9g\u0171 online kapcsolattal \u00e9pp\u00fagy, mint a megfelel\u0151 adatt\u00e1rol\u00e1st biztos\u00edtani a csal\u00e1di fot\u00f3knak, dokumentumoknak \u00e9s filmeknek.<\/p>\n<p>Okos eszk\u00f6zeink k\u00f6z\u00f6tti kommunik\u00e1ci\u00f3t \u00e9s az adataink el\u00e9rhet\u0151s\u00e9g\u00e9t mind otthonr\u00f3l, mind az Internet fel\u0151l csak egy megb\u00edzhat\u00f3an ki\u00e9p\u00edtett \u00e9s t\u0171zfalazott (biztons\u00e1gos) otthoni h\u00e1l\u00f3zat k\u00e9pes ell\u00e1tni.<\/p>\n<p><em>M\u00e9rn\u00f6k Informatikusk\u00e9nt v\u00e1llalom b\u00e1rmilyen nagys\u00e1g\u00fa otthoni sz\u00e1m\u00edt\u00f3g\u00e9pes h\u00e1l\u00f3zat tervez\u00e9s\u00e9t, ki\u00e9p\u00edt\u00e9s\u00e9t, valamint annak biztons\u00e1goss\u00e1 t\u00e9tel\u00e9t.<\/em><\/p>\n<p><strong>Kisv\u00e1llalati (c\u00e9ges) sz\u00e1m\u00edt\u00f3g\u00e9pes h\u00e1l\u00f3zat tervez\u00e9se \u00e9s ki\u00e9p\u00edt\u00e9se<\/strong><\/p>\n<p>Egy modern v\u00e1llalkoz\u00e1s fontos munkaeszk\u00f6ze a informatikai rendszere. Minden informatikai rendszer annyit \u00e9r, amennyire k\u00e9pes az adott feladatokat ell\u00e1tni, valamint mennyire k\u00e9pes az adataink v\u00e9delm\u00e9t biztos\u00edtani. Az is roppant fontos, hogy rendszer\u00fcnk mennyire sk\u00e1l\u00e1zhat\u00f3, mennyire k\u00e9pes v\u00e1ltoz\u00f3 ig\u00e9nyeink kiel\u00e9g\u00edt\u00e9s\u00e9re.<\/p>\n<p>Tervez\u00e9s n\u00e9lk\u00fcli, egyszer\u0171 olcs\u00f3 eszk\u00f6z\u00f6kb\u0151l ki\u00e9p\u00edtett c\u00e9ges informatikai h\u00e1l\u00f3zat nem csak kis hat\u00e9konys\u00e1g\u00fa lehet, hanem vesz\u00e9lyes megold\u00e1s is: adatveszt\u00e9s, adatlop\u00e1s \u00e9s ak\u00e1r a c\u00e9g \u00fczleti titkainak elveszt\u00e9se is bek\u00f6vetkezhet!<\/p>\n<p>Egy c\u00e9ges informatikai h\u00e1l\u00f3zat megtervez\u00e9se, ig\u00e9nyeknek megfelel\u0151 testreszab\u00e1sa \u00e9pp \u00fagy fontos, mint egy j\u00f3 \u00fczleti terv.<\/p>\n<p><a href=\"http:\/\/www.gregvill.hu\/wp-content\/uploads\/2016\/01\/kisvallalati-network.png\"><img loading=\"lazy\" class=\"aligncenter size-full wp-image-172\" src=\"http:\/\/www.gregvill.hu\/wp-content\/uploads\/2016\/01\/kisvallalati-network.png\" alt=\"kisvallalati-network\" width=\"1021\" height=\"737\" srcset=\"https:\/\/www.gregvill.hu\/wp-content\/uploads\/2016\/01\/kisvallalati-network.png 1021w, https:\/\/www.gregvill.hu\/wp-content\/uploads\/2016\/01\/kisvallalati-network-600x433.png 600w, https:\/\/www.gregvill.hu\/wp-content\/uploads\/2016\/01\/kisvallalati-network-300x216.png 300w, https:\/\/www.gregvill.hu\/wp-content\/uploads\/2016\/01\/kisvallalati-network-700x505.png 700w, https:\/\/www.gregvill.hu\/wp-content\/uploads\/2016\/01\/kisvallalati-network-332x239.png 332w\" sizes=\"(max-width: 1021px) 100vw, 1021px\" \/><\/a>Egy modern c\u00e9gn\u00e9l az informatikai h\u00e1l\u00f3zat seg\u00edts\u00e9g\u00e9vel megoldott a c\u00e9g m\u0171k\u00f6d\u00e9s\u00e9hez sz\u00fcks\u00e9ges teljes adatkommunik\u00e1ci\u00f3, a c\u00e9ges szoftverek k\u00f6z\u00f6tti adatcsere \u00e9pp\u00fagy, mint a t\u00e1vmunk\u00e1sok kiszolg\u00e1l\u00e1sa, tov\u00e1bb\u00e1 az adatok ment\u00e9si, visszakeres\u00e9si feladatainak biztos\u00edt\u00e1sa.<\/p>\n<p>Egy modern informatikai h\u00e1l\u00f3zatn\u00e1l nem csak a rendszer ki\u00e9p\u00edt\u00e9se a feladat, hanem egy j\u00f3l m\u0171k\u00f6d\u0151 rendszer n\u00e9lk\u00fcl\u00f6zhetetlen r\u00e9sze a megfelel\u0151 IT szupport biztos\u00edt\u00e1sa \u00e9s a rendszer naprak\u00e9sz \u00e1llapotban tart\u00e1sa is!<\/p>\n<p><em>M\u00e9rn\u00f6k Informatikusk\u00e9nt v\u00e1llalom kis- \u00e9s k\u00f6zepes m\u00e9ret\u0171 c\u00e9ges h\u00e1l\u00f3zat megtervez\u00e9s\u00e9t, ki\u00e9p\u00edt\u00e9s\u00e9t ak\u00e1r a p\u00e1r f\u0151s kisv\u00e1llalkoz\u00e1si rendszert\u0151l eg\u00e9szen a t\u00f6bb telephelyes \u00e9s k\u00f6zepes m\u00e9ret\u0171 c\u00e9ges rendszerekig.<\/em><\/p>\n<p>C\u00e9geknek az al\u00e1bbi feladatokban is tudok seg\u00edts\u00e9get ny\u00fajtani:<\/p>\n<ul>\n<li>Informatikai h\u00e1l\u00f3zat megtervez\u00e9se \u00e9s ki\u00e9p\u00edt\u00e9se<\/li>\n<li>Informatikai eszk\u00f6z\u00f6k, sz\u00e1m\u00edt\u00f3g\u00e9pek: szerverek \u00e9s kliens sz\u00e1m\u00edt\u00f3g\u00e9pek beszerz\u00e9se \u00e9s be\u00fczemel\u00e9se<\/li>\n<li>IT biztons\u00e1gi eszk\u00f6z\u00f6k tervez\u00e9se \u00e9s ki\u00e9p\u00edt\u00e9se: t\u0171zfalak, v\u00edrusv\u00e9delem, ment\u00e9si eszk\u00f6z\u00f6k \u00e9s megold\u00e1sok, tov\u00e1bb\u00e1 RAID t\u00f6mb\u00f6k \u00e9s t\u00fckr\u00f6z\u00e9ses adatv\u00e9delmi megold\u00e1sok ki\u00e9p\u00edt\u00e9se<\/li>\n<li>VPN h\u00e1l\u00f3zatok \u00e9s telephelyek k\u00f6z\u00f6tti adatkapcsolati h\u00e1l\u00f3zatok ki\u00e9p\u00edt\u00e9se, mind virtu\u00e1lis, mind vezet\u00e9kes vagy vezet\u00e9k n\u00e9lk\u00fcli alapokon<\/li>\n<li>IT tan\u00e1csad\u00e1s, megold\u00e1skeres\u00e9s<\/li>\n<\/ul>\n<p><em>V\u00e1lassza a megb\u00edzhat\u00f3 \u00e9s megfizethet\u0151 megold\u00e1st, keressen m\u00e9g ma elk\u00e9pzel\u00e9seivel.<\/em><\/p>\n","protected":false},"excerpt":{"rendered":"<p>Napjaink egyik legfontosabb munkaeszk\u00f6ze a sz\u00e1m\u00edt\u00f3g\u00e9p, ami csak h\u00e1l\u00f3zatba kapcsolva k\u00e9pes adatkommunik\u00e1ci\u00f3t megval\u00f3s\u00edtani, \u00edgy kiszolg\u00e1lni a mindennapi informatikai ig\u00e9nyeinket: ami lehet elektronikus levelez\u00e9s, de ak\u00e1r a napjainkban egyre n\u00e9pszer\u0171bb t\u00e1vmunka egy VPN kapcsolaton kereszt\u00fcl. Egy modern, nagy sebess\u00e9g\u0171 \u00e9s megb\u00edzhat\u00f3an m\u0171k\u00f6d\u0151 sz\u00e1m\u00edt\u00f3g\u00e9pes h\u00e1l\u00f3zatot csak szakember k\u00e9pes megfelel\u0151en megtervezni \u00e9s ki\u00e9p\u00edteni. &#8230;<\/p>\n","protected":false},"author":1,"featured_media":0,"parent":176,"menu_order":0,"comment_status":"closed","ping_status":"open","template":"","meta":[],"_links":{"self":[{"href":"https:\/\/www.gregvill.hu\/index.php?rest_route=\/wp\/v2\/pages\/170"}],"collection":[{"href":"https:\/\/www.gregvill.hu\/index.php?rest_route=\/wp\/v2\/pages"}],"about":[{"href":"https:\/\/www.gregvill.hu\/index.php?rest_route=\/wp\/v2\/types\/page"}],"author":[{"embeddable":true,"href":"https:\/\/www.gregvill.hu\/index.php?rest_route=\/wp\/v2\/users\/1"}],"replies":[{"embeddable":true,"href":"https:\/\/www.gregvill.hu\/index.php?rest_route=%2Fwp%2Fv2%2Fcomments&post=170"}],"version-history":[{"count":3,"href":"https:\/\/www.gregvill.hu\/index.php?rest_route=\/wp\/v2\/pages\/170\/revisions"}],"predecessor-version":[{"id":213,"href":"https:\/\/www.gregvill.hu\/index.php?rest_route=\/wp\/v2\/pages\/170\/revisions\/213"}],"up":[{"embeddable":true,"href":"https:\/\/www.gregvill.hu\/index.php?rest_route=\/wp\/v2\/pages\/176"}],"wp:attachment":[{"href":"https:\/\/www.gregvill.hu\/index.php?rest_route=%2Fwp%2Fv2%2Fmedia&parent=170"}],"curies":[{"name":"wp","href":"https:\/\/api.w.org\/{rel}","templated":true}]}}