{"id":14,"date":"2013-06-10T03:15:20","date_gmt":"2013-06-10T01:15:20","guid":{"rendered":"http:\/\/www.gregvill.hu\/?page_id=14"},"modified":"2022-08-23T14:42:34","modified_gmt":"2022-08-23T12:42:34","slug":"kapcsolat","status":"publish","type":"page","link":"https:\/\/www.gregvill.hu\/?page_id=14","title":{"rendered":"Kapcsolat"},"content":{"rendered":"<p><strong>C\u00e9gadatok:<\/strong><\/p>\n<p>Geresystem Kft.<br \/>\n1222 Budapest, Pezsg\u0151 utca 11.<br \/>\nAd\u00f3sz\u00e1m: 29257476-2-43<\/p>\n<p><strong>E-mail: info@gregvill.hu<\/strong><\/p>\n<p><strong>Telefon: +36-1-445-0545 (H-P 9-18 \u00f3r\u00e1ig)<br \/>\n+36-70-503-0069 (H-P 9-18 \u00f3r\u00e1ig)<br \/>\n<\/strong><\/p>\n<p><strong>Telephely c\u00edme: 1222 Budapest, Pezsg\u0151 utca 11.<\/strong><\/p>\n<p><iframe loading=\"lazy\" src=\"http:\/\/maps.google.hu\/maps?f=q&amp;source=s_q&amp;hl=hu&amp;geocode=&amp;q=Budapest,+Pezsg%C5%91+utca+11&amp;aq=t&amp;sll=47.161161,19.505383&amp;sspn=6.066269,16.907959&amp;t=h&amp;ie=UTF8&amp;hq=&amp;hnear=1222+Budapest,+XXII.+ker%C3%BClet,+Pezsg%C5%91+utca+11&amp;ll=47.425229,19.019103&amp;spn=0.005894,0.016512&amp;z=14&amp;iwloc=r0&amp;output=embed\" width=\"425\" height=\"350\" frameborder=\"0\" marginwidth=\"0\" marginheight=\"0\" scrolling=\"no\"><\/iframe><br \/>\n<small><a style=\"color: #0000ff; text-align: left;\" href=\"http:\/\/maps.google.hu\/maps?f=q&amp;source=embed&amp;hl=hu&amp;geocode=&amp;q=Budapest,+Pezsg%C5%91+utca+11&amp;aq=t&amp;sll=47.161161,19.505383&amp;sspn=6.066269,16.907959&amp;t=h&amp;ie=UTF8&amp;hq=&amp;hnear=1222+Budapest,+XXII.+ker%C3%BClet,+Pezsg%C5%91+utca+11&amp;ll=47.425229,19.019103&amp;spn=0.005894,0.016512&amp;z=14&amp;iwloc=r0\">Nagyobb t\u00e9rk\u00e9pre v\u00e1lt\u00e1s<\/a><\/small><\/p>\n","protected":false},"excerpt":{"rendered":"<p>C\u00e9gadatok: Geresystem Kft. 1222 Budapest, Pezsg\u0151 utca 11. Ad\u00f3sz\u00e1m: 29257476-2-43 E-mail: info@gregvill.hu Telefon: +36-1-445-0545 (H-P 9-18 \u00f3r\u00e1ig) +36-70-503-0069 (H-P 9-18 \u00f3r\u00e1ig) Telephely c\u00edme: 1222 Budapest, Pezsg\u0151 utca 11. Nagyobb t\u00e9rk\u00e9pre v\u00e1lt\u00e1s<\/p>\n","protected":false},"author":1,"featured_media":0,"parent":0,"menu_order":4,"comment_status":"closed","ping_status":"closed","template":"","meta":[],"_links":{"self":[{"href":"https:\/\/www.gregvill.hu\/index.php?rest_route=\/wp\/v2\/pages\/14"}],"collection":[{"href":"https:\/\/www.gregvill.hu\/index.php?rest_route=\/wp\/v2\/pages"}],"about":[{"href":"https:\/\/www.gregvill.hu\/index.php?rest_route=\/wp\/v2\/types\/page"}],"author":[{"embeddable":true,"href":"https:\/\/www.gregvill.hu\/index.php?rest_route=\/wp\/v2\/users\/1"}],"replies":[{"embeddable":true,"href":"https:\/\/www.gregvill.hu\/index.php?rest_route=%2Fwp%2Fv2%2Fcomments&post=14"}],"version-history":[{"count":20,"href":"https:\/\/www.gregvill.hu\/index.php?rest_route=\/wp\/v2\/pages\/14\/revisions"}],"predecessor-version":[{"id":393,"href":"https:\/\/www.gregvill.hu\/index.php?rest_route=\/wp\/v2\/pages\/14\/revisions\/393"}],"wp:attachment":[{"href":"https:\/\/www.gregvill.hu\/index.php?rest_route=%2Fwp%2Fv2%2Fmedia&parent=14"}],"curies":[{"name":"wp","href":"https:\/\/api.w.org\/{rel}","templated":true}]}}