{"id":106,"date":"2014-09-01T03:17:56","date_gmt":"2014-09-01T01:17:56","guid":{"rendered":"http:\/\/www.gregvill.hu\/?page_id=106"},"modified":"2018-12-03T19:51:51","modified_gmt":"2018-12-03T18:51:51","slug":"arak","status":"publish","type":"page","link":"https:\/\/www.gregvill.hu\/?page_id=106","title":{"rendered":"Kisz\u00e1ll\u00e1si d\u00edjak \u00e9s ter\u00fcletek"},"content":{"rendered":"<p><em>Az al\u00e1bbi \u00e1br\u00e1kon a felt\u00fcntett\u00fck a kisz\u00e1ll\u00e1si d\u00edjakat \u00e9s ter\u00fcleteket.<\/em><\/p>\n<p>A ter\u00fcleteken jel\u00f6lt \u00e1rak munkaid\u0151ben \u00e9rtend\u0151k, munkaid\u0151n t\u00fali kisz\u00e1ll\u00e1s mindig egyedi \u00e1ras!<\/p>\n<p>Napi brutt\u00f3 15000 Ft-ot meghalad\u00f3 munkad\u00edj eset\u00e9ben a <strong>kisz\u00e1ll\u00e1s ingyenes<\/strong> az 5000Ft-os k\u00f6rzetig bez\u00e1r\u00f3lag!<\/p>\n<p><strong>Munka felm\u00e9r\u00e9se \u00e9s \u00e1raj\u00e1nlat t\u00e9tele, tov\u00e1bb\u00e1 az el\u0151zetes \u00e1rkalkul\u00e1ci\u00f3 minden esetben ingyenes.<br \/>\n<\/strong><\/p>\n<h4 style=\"text-align: center;\">Budapest<\/h4>\n<h4 style=\"text-align: center;\"><a href=\"http:\/\/www.gregvill.hu\/wp-content\/uploads\/2014\/09\/budapest.gif\"><img loading=\"lazy\" class=\"size-full wp-image-107 aligncenter\" src=\"http:\/\/www.gregvill.hu\/wp-content\/uploads\/2014\/09\/budapest.gif\" alt=\"budapest\" width=\"510\" height=\"494\" \/><\/a><\/h4>\n<h4 style=\"text-align: center;\"><\/h4>\n<h4 style=\"text-align: center;\">Pest megye<\/h4>\n<p><img loading=\"lazy\" class=\"size-full wp-image-318 aligncenter\" src=\"http:\/\/www.gregvill.hu\/wp-content\/uploads\/2018\/12\/pestmegye.jpg\" alt=\"\" width=\"398\" height=\"490\" srcset=\"https:\/\/www.gregvill.hu\/wp-content\/uploads\/2018\/12\/pestmegye.jpg 398w, https:\/\/www.gregvill.hu\/wp-content\/uploads\/2018\/12\/pestmegye-244x300.jpg 244w\" sizes=\"(max-width: 398px) 100vw, 398px\" \/><\/p>\n<h4 style=\"text-align: center;\"><\/h4>\n<h4 style=\"text-align: center;\">Fej\u00e9r megye<a href=\"http:\/\/www.gregvill.hu\/wp-content\/uploads\/2014\/09\/fejermegye.jpg\"><img loading=\"lazy\" class=\"aligncenter size-full wp-image-108\" src=\"http:\/\/www.gregvill.hu\/wp-content\/uploads\/2014\/09\/fejermegye.jpg\" alt=\"fejermegye\" width=\"300\" height=\"417\" srcset=\"https:\/\/www.gregvill.hu\/wp-content\/uploads\/2014\/09\/fejermegye.jpg 300w, https:\/\/www.gregvill.hu\/wp-content\/uploads\/2014\/09\/fejermegye-215x300.jpg 215w\" sizes=\"(max-width: 300px) 100vw, 300px\" \/><\/a><\/h4>\n<p>Munkaid\u0151n t\u00fali kisz\u00e1ll\u00e1s \u00e9s a fenti ter\u00fcleteken k\u00edv\u00fcli munk\u00e1k eset\u00e9ben egyedi elb\u00edr\u00e1l\u00e1s alapj\u00e1n v\u00e1llalok munk\u00e1t, k\u00e9rem ilyen esetben munkaid\u0151ben egyeztessenek a r\u00e9szletekr\u0151l!<\/p>\n","protected":false},"excerpt":{"rendered":"<p>Az al\u00e1bbi \u00e1br\u00e1kon a felt\u00fcntett\u00fck a kisz\u00e1ll\u00e1si d\u00edjakat \u00e9s ter\u00fcleteket. A ter\u00fcleteken jel\u00f6lt \u00e1rak munkaid\u0151ben \u00e9rtend\u0151k, munkaid\u0151n t\u00fali kisz\u00e1ll\u00e1s mindig egyedi \u00e1ras! Napi brutt\u00f3 15000 Ft-ot meghalad\u00f3 munkad\u00edj eset\u00e9ben a kisz\u00e1ll\u00e1s ingyenes az 5000Ft-os k\u00f6rzetig bez\u00e1r\u00f3lag! Munka felm\u00e9r\u00e9se \u00e9s \u00e1raj\u00e1nlat t\u00e9tele, tov\u00e1bb\u00e1 az el\u0151zetes \u00e1rkalkul\u00e1ci\u00f3 minden esetben ingyenes. Budapest Pest &#8230;<\/p>\n","protected":false},"author":1,"featured_media":0,"parent":0,"menu_order":4,"comment_status":"closed","ping_status":"open","template":"","meta":[],"_links":{"self":[{"href":"https:\/\/www.gregvill.hu\/index.php?rest_route=\/wp\/v2\/pages\/106"}],"collection":[{"href":"https:\/\/www.gregvill.hu\/index.php?rest_route=\/wp\/v2\/pages"}],"about":[{"href":"https:\/\/www.gregvill.hu\/index.php?rest_route=\/wp\/v2\/types\/page"}],"author":[{"embeddable":true,"href":"https:\/\/www.gregvill.hu\/index.php?rest_route=\/wp\/v2\/users\/1"}],"replies":[{"embeddable":true,"href":"https:\/\/www.gregvill.hu\/index.php?rest_route=%2Fwp%2Fv2%2Fcomments&post=106"}],"version-history":[{"count":8,"href":"https:\/\/www.gregvill.hu\/index.php?rest_route=\/wp\/v2\/pages\/106\/revisions"}],"predecessor-version":[{"id":319,"href":"https:\/\/www.gregvill.hu\/index.php?rest_route=\/wp\/v2\/pages\/106\/revisions\/319"}],"wp:attachment":[{"href":"https:\/\/www.gregvill.hu\/index.php?rest_route=%2Fwp%2Fv2%2Fmedia&parent=106"}],"curies":[{"name":"wp","href":"https:\/\/api.w.org\/{rel}","templated":true}]}}